{"id":936,"date":"2026-03-08T12:48:05","date_gmt":"2026-03-08T11:48:05","guid":{"rendered":"https:\/\/maisonassieuna.com\/?post_type=product&#038;p=936"},"modified":"2026-03-08T16:06:26","modified_gmt":"2026-03-08T15:06:26","slug":"blouse-a-sequin-simonette-exclusivite-maisonassieuna","status":"publish","type":"product","link":"https:\/\/maisonassieuna.com\/index.php\/produit\/blouse-a-sequin-simonette-exclusivite-maisonassieuna\/","title":{"rendered":"Blouse \u00e0 sequin SIMONETTE (exclusivit\u00e9 maisonassieuna)"},"content":{"rendered":"<p><strong>EXPLICATION PR\u00c9COMMANDES : <\/strong>si il a marqu\u00e9 \u00ab PR\u00c9COMMANDE \u00bb dans l\u2019intitul\u00e9 de l\u2019article comptez environ une semaine pour l\u2019arrivage des pi\u00e8ces dans nos locaux et l\u2019exp\u00e9dition de votre commande<\/p>\n<p>Tous les <b>R\u00c9ASSORTS<\/b> sont inform\u00e9s en story sur notre compte Instagram : @maison_assieuna, n\u2019h\u00e9sitez pas \u00e0 nous suivre!<\/p>\n<p>Aucun retour ou \u00e9change n\u2019est possible sur les produits issus de la cat\u00e9gorie \u201c<strong>PROMOTIONS<\/strong>\u201d<\/p>\n<ul>\n<li><strong>Tailles disponibles<\/strong> : TU<\/li>\n<li class=\"ng-scope\"><strong class=\"ng-scope\">Collection<\/strong>\u00a0:\u00a0 <span class=\"ng-binding\">Printemps\/\u00c9t\u00e9 2024<\/span><\/li>\n<li class=\"ng-scope\"><strong class=\"ng-binding\">Composition : 100% polyester &#8211; doublure viscose elasthanne\u00a0<\/strong><\/li>\n<li><strong>Entretien<\/strong> : 30 en machine<\/li>\n<\/ul>\n","protected":false},"excerpt":{"rendered":"<p>EXPLICATION PR\u00c9COMMANDES : si il a marqu\u00e9 \u00ab PR\u00c9COMMANDE \u00bb dans l\u2019intitul\u00e9 de l\u2019article comptez environ une semaine pour l\u2019arrivage des pi\u00e8ces dans nos locaux et l\u2019exp\u00e9dition de votre commande Tous les R\u00c9ASSORTS sont inform\u00e9s en story sur notre compte Instagram : @maison_assieuna, n\u2019h\u00e9sitez pas \u00e0 nous suivre! Aucun retour ou \u00e9change n\u2019est possible sur [&hellip;]<\/p>\n","protected":false},"featured_media":974,"comment_status":"open","ping_status":"closed","template":"","meta":[],"product_brand":[],"product_cat":[19,24,26,40,27],"product_tag":[],"class_list":{"0":"post-936","1":"product","2":"type-product","3":"status-publish","4":"has-post-thumbnail","6":"product_cat-capsule-fetes","7":"product_cat-promotions","8":"product_cat-st-valentin","9":"product_cat-tops-blouses","10":"product_cat-toute-la-collection","12":"first","13":"instock","14":"sale","15":"shipping-taxable","16":"purchasable","17":"product-type-variable"},"_links":{"self":[{"href":"https:\/\/maisonassieuna.com\/index.php\/wp-json\/wp\/v2\/product\/936","targetHints":{"allow":["GET"]}}],"collection":[{"href":"https:\/\/maisonassieuna.com\/index.php\/wp-json\/wp\/v2\/product"}],"about":[{"href":"https:\/\/maisonassieuna.com\/index.php\/wp-json\/wp\/v2\/types\/product"}],"replies":[{"embeddable":true,"href":"https:\/\/maisonassieuna.com\/index.php\/wp-json\/wp\/v2\/comments?post=936"}],"wp:featuredmedia":[{"embeddable":true,"href":"https:\/\/maisonassieuna.com\/index.php\/wp-json\/wp\/v2\/media\/974"}],"wp:attachment":[{"href":"https:\/\/maisonassieuna.com\/index.php\/wp-json\/wp\/v2\/media?parent=936"}],"wp:term":[{"taxonomy":"product_brand","embeddable":true,"href":"https:\/\/maisonassieuna.com\/index.php\/wp-json\/wp\/v2\/product_brand?post=936"},{"taxonomy":"product_cat","embeddable":true,"href":"https:\/\/maisonassieuna.com\/index.php\/wp-json\/wp\/v2\/product_cat?post=936"},{"taxonomy":"product_tag","embeddable":true,"href":"https:\/\/maisonassieuna.com\/index.php\/wp-json\/wp\/v2\/product_tag?post=936"}],"curies":[{"name":"wp","href":"https:\/\/api.w.org\/{rel}","templated":true}]}}