{"id":6975,"date":"2026-04-13T14:37:52","date_gmt":"2026-04-13T13:37:52","guid":{"rendered":"https:\/\/maisonassieuna.com\/?post_type=product&#038;p=6975"},"modified":"2026-04-15T16:15:00","modified_gmt":"2026-04-15T15:15:00","slug":"body-a-oeillets-fanelie-plusieurs-coloris","status":"publish","type":"product","link":"https:\/\/maisonassieuna.com\/index.php\/produit\/body-a-oeillets-fanelie-plusieurs-coloris\/","title":{"rendered":"Body \u00e0 \u0153illets FANELIE (plusieurs coloris)"},"content":{"rendered":"<div class=\"flex max-w-full flex-col gap-4 grow\">\n<div class=\"min-h-8 text-message relative flex w-full flex-col items-end gap-2 text-start break-words whitespace-normal outline-none keyboard-focused:focus-ring [.text-message+&amp;]:mt-1\" dir=\"auto\" data-message-author-role=\"assistant\" data-message-id=\"0ec2962c-58f7-4c9a-8ec7-e2b4bb86250b\" data-message-model-slug=\"gpt-5-3\" data-turn-start-message=\"true\">\n<div class=\"flex w-full flex-col gap-1 empty:hidden\">\n<div class=\"markdown prose dark:prose-invert w-full wrap-break-word dark markdown-new-styling\">\n<p>&nbsp;<\/p>\n<p data-start=\"51\" data-end=\"280\"><strong data-start=\"51\" data-end=\"70\">\ud83d\udce6 PR\u00c9COMMANDES<\/strong><br data-start=\"70\" data-end=\"73\" \/>Si la mention <em data-start=\"87\" data-end=\"104\">\u00ab PR\u00c9COMMANDE \u00bb<\/em> appara\u00eet dans le titre de l\u2019article, merci de pr\u00e9voir un d\u00e9lai d\u2019environ <strong data-start=\"178\" data-end=\"193\">une semaine<\/strong> pour la r\u00e9ception des pi\u00e8ces dans nos locaux, suivi de l\u2019exp\u00e9dition de votre commande.<\/p>\n<p data-start=\"282\" data-end=\"442\"><strong data-start=\"282\" data-end=\"298\">\ud83d\udd04 R\u00c9ASSORTS<\/strong><br data-start=\"298\" data-end=\"301\" \/>Tous les r\u00e9assorts sont annonc\u00e9s en story sur notre compte Instagram <strong data-start=\"370\" data-end=\"390\">@maison_assieuna<\/strong>. N\u2019h\u00e9sitez pas \u00e0 nous suivre pour ne rien manquer !<\/p>\n<p data-start=\"444\" data-end=\"575\"><strong data-start=\"444\" data-end=\"471\">\u26a0\ufe0f CONDITIONS DE RETOUR<\/strong><br data-start=\"471\" data-end=\"474\" \/>Aucun retour ni \u00e9change n\u2019est possible sur les articles provenant de la cat\u00e9gorie <strong data-start=\"556\" data-end=\"574\">\u00ab PROMOTIONS \u00bb<\/strong>.<\/p>\n<hr data-start=\"577\" data-end=\"580\" \/>\n<h3 data-section-id=\"mftsn2\" data-start=\"582\" data-end=\"617\"><span role=\"text\"><strong data-start=\"586\" data-end=\"617\">Caract\u00e9ristiques du produit<\/strong><\/span><\/h3>\n<ul data-start=\"619\" data-end=\"997\">\n<li data-section-id=\"1vytkko\" data-start=\"619\" data-end=\"649\"><strong data-start=\"621\" data-end=\"631\">Type :<\/strong> body sans manche<\/li>\n<li data-section-id=\"150f20q\" data-start=\"650\" data-end=\"733\"><strong data-start=\"652\" data-end=\"666\">Couleurs :<\/strong> Noir et \u00e9cru<\/li>\n<li data-section-id=\"6q2mpt\" data-start=\"734\" data-end=\"771\"><strong data-start=\"736\" data-end=\"753\">Composition :<\/strong> 95 % polyester 5% elasthane<\/li>\n<li data-section-id=\"y4aych\" data-start=\"772\" data-end=\"802\"><strong data-start=\"774\" data-end=\"786\">Taille :<\/strong> S\/M M\/L<\/li>\n<li data-section-id=\"khosin\" data-start=\"803\" data-end=\"840\"><strong data-start=\"805\" data-end=\"816\">Coupe :<\/strong> ajust\u00e9 et confortable<\/li>\n<li data-section-id=\"1czlddl\" data-start=\"841\" data-end=\"877\"><strong data-start=\"843\" data-end=\"859\">Collection :<\/strong> Printemps \u2013 \u00c9t\u00e9<\/li>\n<li data-section-id=\"g01009\" data-start=\"878\" data-end=\"915\"><strong data-start=\"880\" data-end=\"891\">Style :<\/strong> Chic, r\u00e9tro ou casual<\/li>\n<li data-section-id=\"zrxk8v\" data-start=\"916\" data-end=\"997\"><strong data-start=\"918\" data-end=\"931\">D\u00e9tails :<\/strong> \u0153illets effet miroir, id\u00e9al pour un look \u00e9l\u00e9gant et tendance<\/li>\n<\/ul>\n<\/div>\n<\/div>\n<\/div>\n<\/div>\n<div class=\"z-0 flex min-h-[46px] justify-start\"><\/div>\n","protected":false},"excerpt":{"rendered":"<ul>\n<li>Le mod\u00e8le porte une taille S\/M et mesure 1,58m<\/li>\n<\/ul>\n","protected":false},"featured_media":7003,"comment_status":"closed","ping_status":"closed","template":"","meta":[],"product_brand":[],"product_cat":[15,21,40,27],"product_tag":[],"class_list":{"0":"post-6975","1":"product","2":"type-product","3":"status-publish","4":"has-post-thumbnail","6":"product_cat-non-classe","7":"product_cat-nouvelle-collection","8":"product_cat-tops-blouses","9":"product_cat-toute-la-collection","11":"first","12":"instock","13":"shipping-taxable","14":"purchasable","15":"product-type-variable"},"jetpack_sharing_enabled":true,"_links":{"self":[{"href":"https:\/\/maisonassieuna.com\/index.php\/wp-json\/wp\/v2\/product\/6975","targetHints":{"allow":["GET"]}}],"collection":[{"href":"https:\/\/maisonassieuna.com\/index.php\/wp-json\/wp\/v2\/product"}],"about":[{"href":"https:\/\/maisonassieuna.com\/index.php\/wp-json\/wp\/v2\/types\/product"}],"replies":[{"embeddable":true,"href":"https:\/\/maisonassieuna.com\/index.php\/wp-json\/wp\/v2\/comments?post=6975"}],"wp:featuredmedia":[{"embeddable":true,"href":"https:\/\/maisonassieuna.com\/index.php\/wp-json\/wp\/v2\/media\/7003"}],"wp:attachment":[{"href":"https:\/\/maisonassieuna.com\/index.php\/wp-json\/wp\/v2\/media?parent=6975"}],"wp:term":[{"taxonomy":"product_brand","embeddable":true,"href":"https:\/\/maisonassieuna.com\/index.php\/wp-json\/wp\/v2\/product_brand?post=6975"},{"taxonomy":"product_cat","embeddable":true,"href":"https:\/\/maisonassieuna.com\/index.php\/wp-json\/wp\/v2\/product_cat?post=6975"},{"taxonomy":"product_tag","embeddable":true,"href":"https:\/\/maisonassieuna.com\/index.php\/wp-json\/wp\/v2\/product_tag?post=6975"}],"curies":[{"name":"wp","href":"https:\/\/api.w.org\/{rel}","templated":true}]}}